{"id":7844,"date":"2021-10-07T12:21:08","date_gmt":"2021-10-07T12:21:08","guid":{"rendered":"https:\/\/www.briefbuilder.com\/?page_id=7844"},"modified":"2026-01-07T10:55:05","modified_gmt":"2026-01-07T10:55:05","slug":"essai-gratuit","status":"publish","type":"page","link":"https:\/\/www.briefbuilder.com\/fr\/pages\/free-trial\/","title":{"rendered":"Essai gratuit"},"content":{"rendered":"<div class=\"wpb-content-wrapper\"><div class=\"vc_row wpb_row vc_row-fluid edgtf-section bb-academy-banner edgtf-content-aligment-left edgtf-grid-section\" style=\"\"><div class=\"clearfix edgtf-section-inner\"><div class=\"edgtf-section-inner-margin clearfix\"><div class=\"wpb_column vc_column_container vc_col-sm-12\"><div class=\"vc_column-inner vc_custom_1632297728645\"><div class=\"wpb_wrapper\"><div class=\"edgtf-elements-holder edgtf-responsive-mode-768\" ><div class=\"edgtf-elements-holder-item \"  >\n\t\t<div class=\"edgtf-elements-holder-item-inner\">\n\t\t<div class=\"edgtf-elements-holder-item-content edgtf-elements-holder-custom-577458\" >\n\t\t\t\t\t\t\n\t<div class=\"wpb_text_column wpb_content_element\" >\n\t\t<div class=\"wpb_wrapper\">\n\t\t\t<h3>Try BriefBuilder for free?<\/h3>\n\n\t\t<\/div>\n\t<\/div>\n<div class=\"edgtf-separator-holder clearfix  edgtf-separator-left\">\n\t<div class=\"edgtf-separator\" style=\"margin-top: 15px;margin-bottom: 29px\"><\/div>\n<\/div>\n\n\t<div class=\"wpb_text_column wpb_content_element\" id=\"trial-text\">\n\t\t<div class=\"wpb_wrapper\">\n\t\t\t<p>BriefBuilder is a powerful tool for requirements management in AEC projects. It helps you to systematically define the requirements for your project and then to manage these throughout all project phases.<\/p>\n<p>Interested? We offer a free 30-days trial period to AEC professionals (i.e. construction clients, engineers, architects, real estate developers, contractors, BIM specialists).<\/p>\n<p>Fill in the form below. No commitment and no credit-card required. Just get started!<\/p>\n\n\t\t<\/div>\n\t<\/div>\n\t\t<\/div>\n\t<\/div>\n<\/div><\/div><\/div><\/div><\/div><\/div><\/div><\/div><div class=\"vc_row wpb_row vc_row-fluid edgtf-section bb-academy-form vc_custom_1633609884477 edgtf-content-aligment-left edgtf-grid-section\" style=\"\"><div class=\"clearfix edgtf-section-inner\"><div class=\"edgtf-section-inner-margin clearfix\"><div class=\"wpb_column vc_column_container vc_col-sm-12\"><div class=\"vc_column-inner\"><div class=\"wpb_wrapper\"><div class=\"edgtf-elements-holder edgtf-responsive-mode-768\" ><div class=\"edgtf-elements-holder-item \"  >\n\t\t<div class=\"edgtf-elements-holder-item-inner\">\n\t\t<div class=\"edgtf-elements-holder-item-content edgtf-elements-holder-custom-170525\" >\n\t\t\t\t\t\t\n<div class=\"wpcf7 no-js\" id=\"wpcf7-f9779-o4\" lang=\"en-US\" dir=\"ltr\" data-wpcf7-id=\"9779\">\n<div class=\"screen-reader-response\"><p role=\"status\" aria-live=\"polite\" aria-atomic=\"true\"><\/p> <ul><\/ul><\/div>\n<form action=\"\/fr\/wp-json\/wp\/v2\/pages\/7844#wpcf7-f9779-o4\" method=\"post\" class=\"wpcf7-form init cf7_custom_style_2\" aria-label=\"Contact form\" novalidate=\"novalidate\" data-status=\"init\">\n<fieldset class=\"hidden-fields-container\"><input type=\"hidden\" name=\"_wpcf7\" value=\"9779\" \/><input type=\"hidden\" name=\"_wpcf7_version\" value=\"6.1.5\" \/><input type=\"hidden\" name=\"_wpcf7_locale\" value=\"en_US\" \/><input type=\"hidden\" name=\"_wpcf7_unit_tag\" value=\"wpcf7-f9779-o4\" \/><input type=\"hidden\" name=\"_wpcf7_container_post\" value=\"0\" \/><input type=\"hidden\" name=\"_wpcf7_posted_data_hash\" value=\"\" \/><input type=\"hidden\" name=\"_wpcf7_recaptcha_response\" value=\"\" \/>\n<\/fieldset>\n<p><script>\nvar parts = window.location.href.split('\/').map(part => part.toLowerCase());\nvar suffixIdx = parts.findIndex(part => part === 'pages') + 1;\nparts[suffixIdx] = 'free-trial-requested';\nif(parts.includes('fr')) parts[suffixIdx] = 'essai-gratuit-demande';\ndocument.addEventListener( 'wpcf7mailsent', function( event ) { location = parts.join('\/');}, false );\n<\/script>\n<\/p>\n<p><span class=\"wpcf7-form-control-wrap\" data-name=\"bb-name\"><input size=\"40\" maxlength=\"400\" class=\"wpcf7-form-control wpcf7-text wpcf7-validates-as-required\" aria-required=\"true\" aria-invalid=\"false\" placeholder=\"First and last name*\" value=\"\" type=\"text\" name=\"bb-name\" \/><\/span><br \/>\n<span class=\"wpcf7-form-control-wrap\" data-name=\"bb-company\"><input size=\"40\" maxlength=\"400\" class=\"wpcf7-form-control wpcf7-text wpcf7-validates-as-required\" aria-required=\"true\" aria-invalid=\"false\" placeholder=\"Organisation*\" value=\"\" type=\"text\" name=\"bb-company\" \/><\/span><br \/>\n<span class=\"wpcf7-form-control-wrap\" data-name=\"bb-email\"><input size=\"40\" maxlength=\"400\" class=\"wpcf7-form-control wpcf7-email wpcf7-validates-as-required wpcf7-text wpcf7-validates-as-email\" aria-required=\"true\" aria-invalid=\"false\" placeholder=\"Work email*\" value=\"\" type=\"email\" name=\"bb-email\" \/><\/span>\n<\/p>\n<p><span class=\"wpcf7-form-control-wrap\" data-name=\"your-consent\"><span class=\"wpcf7-form-control wpcf7-acceptance\"><span class=\"wpcf7-list-item\"><label><input type=\"checkbox\" name=\"your-consent\" value=\"1\" aria-invalid=\"false\" \/><span class=\"wpcf7-list-item-label\"><span class=\"translation-block\">I agree with BriefBuilder\u2019s <a href=\"\/terms\" target=\"_blank\">terms of use<\/a> and <a href=\"\/privacy\" target=\"_blank\">privacy policy<\/a><\/span>*<\/span><\/label><\/span><\/span><\/span>\n<\/p>\n<p><input class=\"wpcf7-form-control wpcf7-submit has-spinner\" type=\"submit\" value=\"Try for free\" \/>\n<\/p><div class=\"wpcf7-response-output\" aria-hidden=\"true\"><\/div>\n<\/form>\n<\/div>\n\t\t<\/div>\n\t<\/div>\n<\/div><\/div><\/div><\/div><\/div><\/div><\/div><\/div>\n<\/div>","protected":false},"excerpt":{"rendered":"Try BriefBuilder for free? BriefBuilder is a powerful tool for requirements management in AEC projects. It helps you to systematically define the requirements for your project and then to manage these throughout all project phases. Interested? We offer a free 30-days trial period to AEC...","protected":false},"author":2,"featured_media":0,"parent":744,"menu_order":0,"comment_status":"closed","ping_status":"closed","template":"full-width.php","meta":{"footnotes":""},"class_list":["post-7844","page","type-page","status-publish","hentry"],"yoast_head":"<!-- This site is optimized with the Yoast SEO Premium plugin v24.9 (Yoast SEO v27.4) - https:\/\/yoast.com\/product\/yoast-seo-premium-wordpress\/ -->\n<title>BriefBuilder - Try for free<\/title>\n<meta name=\"description\" content=\"Get a free trial of BriefBuilder, a powerful requirements management tool for AEC projects. Define and manage requirements throughout all phases of your project.\" \/>\n<meta name=\"robots\" content=\"index, follow, max-snippet:-1, max-image-preview:large, max-video-preview:-1\" \/>\n<link rel=\"canonical\" href=\"https:\/\/www.briefbuilder.com\/fr\/pages\/essai-gratuit\/\" \/>\n<meta property=\"og:locale\" content=\"fr_FR\" \/>\n<meta property=\"og:type\" content=\"article\" \/>\n<meta property=\"og:title\" content=\"Try for free\" \/>\n<meta property=\"og:description\" content=\"Get a free trial of BriefBuilder, a powerful requirements management tool for AEC projects. Define and manage requirements throughout all phases of your project.\" \/>\n<meta property=\"og:url\" content=\"https:\/\/www.briefbuilder.com\/fr\/pages\/essai-gratuit\/\" \/>\n<meta property=\"og:site_name\" content=\"BriefBuilder\" \/>\n<meta property=\"article:modified_time\" content=\"2026-01-07T10:55:05+00:00\" \/>\n<meta name=\"twitter:card\" content=\"summary_large_image\" \/>\n<meta name=\"twitter:label1\" content=\"Dur\u00e9e de lecture estim\u00e9e\" \/>\n\t<meta name=\"twitter:data1\" content=\"1 minute\" \/>\n<script type=\"application\/ld+json\" class=\"yoast-schema-graph\">{\"@context\":\"https:\\\/\\\/schema.org\",\"@graph\":[{\"@type\":\"WebPage\",\"@id\":\"https:\\\/\\\/www.briefbuilder.com\\\/pages\\\/free-trial\\\/\",\"url\":\"https:\\\/\\\/www.briefbuilder.com\\\/pages\\\/free-trial\\\/\",\"name\":\"BriefBuilder - Try for free\",\"isPartOf\":{\"@id\":\"https:\\\/\\\/www.briefbuilder.com\\\/#website\"},\"datePublished\":\"2021-10-07T12:21:08+00:00\",\"dateModified\":\"2026-01-07T10:55:05+00:00\",\"description\":\"Get a free trial of BriefBuilder, a powerful requirements management tool for AEC projects. Define and manage requirements throughout all phases of your project.\",\"breadcrumb\":{\"@id\":\"https:\\\/\\\/www.briefbuilder.com\\\/pages\\\/free-trial\\\/#breadcrumb\"},\"inLanguage\":\"fr-FR\",\"potentialAction\":[{\"@type\":\"ReadAction\",\"target\":[\"https:\\\/\\\/www.briefbuilder.com\\\/pages\\\/free-trial\\\/\"]}]},{\"@type\":\"BreadcrumbList\",\"@id\":\"https:\\\/\\\/www.briefbuilder.com\\\/pages\\\/free-trial\\\/#breadcrumb\",\"itemListElement\":[{\"@type\":\"ListItem\",\"position\":1,\"name\":\"Home\",\"item\":\"https:\\\/\\\/www.briefbuilder.com\\\/\"},{\"@type\":\"ListItem\",\"position\":2,\"name\":\"BriefBuilder\",\"item\":\"https:\\\/\\\/www.briefbuilder.com\\\/\"},{\"@type\":\"ListItem\",\"position\":3,\"name\":\"Try for free\"}]},{\"@type\":\"WebSite\",\"@id\":\"https:\\\/\\\/www.briefbuilder.com\\\/#website\",\"url\":\"https:\\\/\\\/www.briefbuilder.com\\\/\",\"name\":\"BriefBuilder\",\"description\":\"\",\"publisher\":{\"@id\":\"https:\\\/\\\/www.briefbuilder.com\\\/#organization\"},\"potentialAction\":[{\"@type\":\"SearchAction\",\"target\":{\"@type\":\"EntryPoint\",\"urlTemplate\":\"https:\\\/\\\/www.briefbuilder.com\\\/?s={search_term_string}\"},\"query-input\":{\"@type\":\"PropertyValueSpecification\",\"valueRequired\":true,\"valueName\":\"search_term_string\"}}],\"inLanguage\":\"fr-FR\"},{\"@type\":\"Organization\",\"@id\":\"https:\\\/\\\/www.briefbuilder.com\\\/#organization\",\"name\":\"BriefBuilder\",\"url\":\"https:\\\/\\\/www.briefbuilder.com\\\/\",\"logo\":{\"@type\":\"ImageObject\",\"inLanguage\":\"fr-FR\",\"@id\":\"https:\\\/\\\/www.briefbuilder.com\\\/#\\\/schema\\\/logo\\\/image\\\/\",\"url\":\"https:\\\/\\\/www.briefbuilder.com\\\/wp-content\\\/uploads\\\/2019\\\/11\\\/briefbuilder-logo-rgb-2.png\",\"contentUrl\":\"https:\\\/\\\/www.briefbuilder.com\\\/wp-content\\\/uploads\\\/2019\\\/11\\\/briefbuilder-logo-rgb-2.png\",\"width\":230,\"height\":60,\"caption\":\"BriefBuilder\"},\"image\":{\"@id\":\"https:\\\/\\\/www.briefbuilder.com\\\/#\\\/schema\\\/logo\\\/image\\\/\"}}]}<\/script>\n<!-- \/ Yoast SEO Premium plugin. -->","yoast_head_json":{"title":"BriefBuilder - Try for free","description":"Essayez gratuitement BriefBuilder, un outil puissant pour la gestion des exigences des projets AEC. D\u00e9finissez et g\u00e9rez les exigences \u00e0 toutes les \u00e9tapes de votre projet.","robots":{"index":"index","follow":"follow","max-snippet":"max-snippet:-1","max-image-preview":"max-image-preview:large","max-video-preview":"max-video-preview:-1"},"canonical":"https:\/\/www.briefbuilder.com\/fr\/pages\/essai-gratuit\/","og_locale":"fr_FR","og_type":"article","og_title":"Try for free","og_description":"Get a free trial of BriefBuilder, a powerful requirements management tool for AEC projects. Define and manage requirements throughout all phases of your project.","og_url":"https:\/\/www.briefbuilder.com\/fr\/pages\/essai-gratuit\/","og_site_name":"BriefBuilder","article_modified_time":"2026-01-07T10:55:05+00:00","twitter_card":"summary_large_image","twitter_misc":{"Dur\u00e9e de lecture estim\u00e9e":"1 minute"},"schema":{"@context":"https:\/\/schema.org","@graph":[{"@type":"WebPage","@id":"https:\/\/www.briefbuilder.com\/pages\/free-trial\/","url":"https:\/\/www.briefbuilder.com\/pages\/free-trial\/","name":"BriefBuilder - Try for free","isPartOf":{"@id":"https:\/\/www.briefbuilder.com\/#website"},"datePublished":"2021-10-07T12:21:08+00:00","dateModified":"2026-01-07T10:55:05+00:00","description":"Essayez gratuitement BriefBuilder, un outil puissant pour la gestion des exigences des projets AEC. D\u00e9finissez et g\u00e9rez les exigences \u00e0 toutes les \u00e9tapes de votre projet.","breadcrumb":{"@id":"https:\/\/www.briefbuilder.com\/pages\/free-trial\/#breadcrumb"},"inLanguage":"fr-FR","potentialAction":[{"@type":"ReadAction","target":["https:\/\/www.briefbuilder.com\/pages\/free-trial\/"]}]},{"@type":"BreadcrumbList","@id":"https:\/\/www.briefbuilder.com\/pages\/free-trial\/#breadcrumb","itemListElement":[{"@type":"ListItem","position":1,"name":"Home","item":"https:\/\/www.briefbuilder.com\/"},{"@type":"ListItem","position":2,"name":"BriefBuilder","item":"https:\/\/www.briefbuilder.com\/"},{"@type":"ListItem","position":3,"name":"Try for free"}]},{"@type":"WebSite","@id":"https:\/\/www.briefbuilder.com\/#website","url":"https:\/\/www.briefbuilder.com\/","name":"BriefBuilder","description":"","publisher":{"@id":"https:\/\/www.briefbuilder.com\/#organization"},"potentialAction":[{"@type":"SearchAction","target":{"@type":"EntryPoint","urlTemplate":"https:\/\/www.briefbuilder.com\/?s={search_term_string}"},"query-input":{"@type":"PropertyValueSpecification","valueRequired":true,"valueName":"search_term_string"}}],"inLanguage":"fr-FR"},{"@type":"Organization","@id":"https:\/\/www.briefbuilder.com\/#organization","name":"BriefBuilder","url":"https:\/\/www.briefbuilder.com\/","logo":{"@type":"ImageObject","inLanguage":"fr-FR","@id":"https:\/\/www.briefbuilder.com\/#\/schema\/logo\/image\/","url":"https:\/\/www.briefbuilder.com\/wp-content\/uploads\/2019\/11\/briefbuilder-logo-rgb-2.png","contentUrl":"https:\/\/www.briefbuilder.com\/wp-content\/uploads\/2019\/11\/briefbuilder-logo-rgb-2.png","width":230,"height":60,"caption":"BriefBuilder"},"image":{"@id":"https:\/\/www.briefbuilder.com\/#\/schema\/logo\/image\/"}}]}},"_links":{"self":[{"href":"https:\/\/www.briefbuilder.com\/fr\/wp-json\/wp\/v2\/pages\/7844","targetHints":{"allow":["GET"]}}],"collection":[{"href":"https:\/\/www.briefbuilder.com\/fr\/wp-json\/wp\/v2\/pages"}],"about":[{"href":"https:\/\/www.briefbuilder.com\/fr\/wp-json\/wp\/v2\/types\/page"}],"author":[{"embeddable":true,"href":"https:\/\/www.briefbuilder.com\/fr\/wp-json\/wp\/v2\/users\/2"}],"replies":[{"embeddable":true,"href":"https:\/\/www.briefbuilder.com\/fr\/wp-json\/wp\/v2\/comments?post=7844"}],"version-history":[{"count":27,"href":"https:\/\/www.briefbuilder.com\/fr\/wp-json\/wp\/v2\/pages\/7844\/revisions"}],"predecessor-version":[{"id":9784,"href":"https:\/\/www.briefbuilder.com\/fr\/wp-json\/wp\/v2\/pages\/7844\/revisions\/9784"}],"up":[{"embeddable":true,"href":"https:\/\/www.briefbuilder.com\/fr\/wp-json\/wp\/v2\/pages\/744"}],"wp:attachment":[{"href":"https:\/\/www.briefbuilder.com\/fr\/wp-json\/wp\/v2\/media?parent=7844"}],"curies":[{"name":"wp","href":"https:\/\/api.w.org\/{rel}","templated":true}]}}